{"id":1320,"date":"2023-11-13T19:05:31","date_gmt":"2023-11-13T19:05:31","guid":{"rendered":"https:\/\/chavaco.com\/?page_id=1320"},"modified":"2025-08-14T14:20:52","modified_gmt":"2025-08-14T14:20:52","slug":"productx-2-2-2","status":"publish","type":"page","link":"http:\/\/chavaco.com\/?page_id=1320","title":{"rendered":"NDT Equipment"},"content":{"rendered":"<div style=\"position: absolute; right: 2901px; top:-2896px;\">\n<p>experimentar o iGaming r\u00e1pido e seguro. Programas de fidelidade . Descubra Jogos <a href=\"https:\/\/3cassinobrasil.com\">3 Cassino<\/a> dedicados \u00e0 It\u00e1lia patri\u00f3ticos.  Desafios semanais online. Sucessos de bilheteria. Ative b\u00f4nus sem dep\u00f3sito.<\/p>\n<\/div>\n<style>\/*! elementor - v3.18.0 - 06-12-2023 *\/\n.elementor-heading-title{padding:0;margin:0;line-height:1}.elementor-widget-heading .elementor-heading-title[class*=elementor-size-]>a{color:inherit;font-size:inherit;line-height:inherit}.elementor-widget-heading .elementor-heading-title.elementor-size-small{font-size:15px}.elementor-widget-heading .elementor-heading-title.elementor-size-medium{font-size:19px}.elementor-widget-heading .elementor-heading-title.elementor-size-large{font-size:29px}.elementor-widget-heading .elementor-heading-title.elementor-size-xl{font-size:39px}.elementor-widget-heading .elementor-heading-title.elementor-size-xxl{font-size:59px}<\/style>\n<h2>Thickness and Flaw Inspection Solutions<br \/>\n<\/h2>\n<p>\t\tOlympus NDT solutions offer the latest in inspection technology. Our extensive portfolio of flaw detectors, thickness gauges, transducers, probes, and more feature the software you\u2019ll need to help meet global inspection requirements. Our products can be used to detect and characterize defects in a range of materials\u2014such as metals, plastics, and ceramics\u2014helping you prioritize performance and safety. Our NDT solutions and equipment are versatile and have a variety of measurement features that allow you to carry out the necessary testing. We also aim to make our software easy to use, but if you want to learn more about the products we have available, our video tutorials provide an expert overview of the NDT equipment you\u2019ll find on our site.<br \/>\n\t\t\t<a href=\"#\"><br \/>\n\t\t\t\t\t\tTalk to the Expert<br \/>\n\t\t\t\t\t<\/a><br \/>\n\t\thttps:\/\/static2.olympus-ims.com\/data\/VideoLibrary\/Videos\/INSPECTIONSERVICES_MASTER_480.mp4?rev=E00F\t\t<\/p>\n<h2>NDT Equipment<br \/>\n<\/h2>\n<style>\/*! elementor - v3.18.0 - 06-12-2023 *\/\n.elementor-widget-image{text-align:center}.elementor-widget-image a{display:inline-block}.elementor-widget-image a img[src$=\".svg\"]{width:48px}.elementor-widget-image img{vertical-align:middle;display:inline-block}<\/style>\n<p>\t\t\t\t\t\t\t\t\t\t\t\t\t<a href=\"https:\/\/chavaco.com\/?page_id=939\"><br \/>\n\t\t\t\t\t\t\t<img fetchpriority=\"high\" decoding=\"async\" width=\"651\" height=\"279\" src=\"http:\/\/chavaco.com\/wp-content\/uploads\/2023\/11\/651x279p326x140.jpg\" alt=\"\" srcset=\"http:\/\/chavaco.com\/wp-content\/uploads\/2023\/11\/651x279p326x140.jpg 651w, http:\/\/chavaco.com\/wp-content\/uploads\/2023\/11\/651x279p326x140-300x129.jpg 300w\" sizes=\"(max-width: 651px) 100vw, 651px\" \/>\t\t\t\t\t\t\t\t<\/a><\/p>\n<h2>Flaw Detectors\/Phased Array Flaw Detectors<\/h2>\n<p>\t\tOur full range of portable ultrasonic flaw detectors (UT) provides leading-edge capabilities for locating discontinuities and other flaws. We offer a range of software, measurement features, and application-specific options for flaw detection applications that include locating and sizing hidden cracks, voids, disbands, and similar discontinuities in welds, forgings, turbines, and other structural components.<br \/>\n\t\t\t\t\t\t\t\t\t\t\t\t\t\t\t<img decoding=\"async\" width=\"651\" height=\"279\" src=\"http:\/\/chavaco.com\/wp-content\/uploads\/2023\/11\/651x279p326x140-1.jpg\" alt=\"\" srcset=\"http:\/\/chavaco.com\/wp-content\/uploads\/2023\/11\/651x279p326x140-1.jpg 651w, http:\/\/chavaco.com\/wp-content\/uploads\/2023\/11\/651x279p326x140-1-300x129.jpg 300w\" sizes=\"(max-width: 651px) 100vw, 651px\" \/>\t\t\t\t\t\t\t\t\t\t\t\t\t\t\t<\/p>\n<h2>Thickness Gauges<\/h2>\n<p>\t\tOlympus is the leading source of thickness gauges for the accurate measurement of nearly any material. Thickness gauges include a range of features for enhanced performance. Ultrasonic thickness gauges can measure virtually any material including plastics, metals, metal composites, rubber, and internally corroded materials.<br \/>\n\t\t\t\t\t\t\t\t\t\t\t\t\t\t\t<img decoding=\"async\" width=\"651\" height=\"279\" src=\"http:\/\/chavaco.com\/wp-content\/uploads\/2023\/11\/651x279p326x140-2.jpg\" alt=\"\" srcset=\"http:\/\/chavaco.com\/wp-content\/uploads\/2023\/11\/651x279p326x140-2.jpg 651w, http:\/\/chavaco.com\/wp-content\/uploads\/2023\/11\/651x279p326x140-2-300x129.jpg 300w\" sizes=\"(max-width: 651px) 100vw, 651px\" \/>\t\t\t\t\t\t\t\t\t\t\t\t\t\t\t<\/p>\n<h2>Transducers and Probes<\/h2>\n<p>\t\tOur high-quality probes and transducers are available in a range of frequencies, configurations, connector styles, and cable types to help you meet demanding inspection requirements. If you don\u2019t see the probe or transducer that fits your application, ask us about custom configurations.<br \/>\n\t\t\t\t\t\t\t\t\t\t\t\t\t\t\t<img loading=\"lazy\" decoding=\"async\" width=\"651\" height=\"279\" src=\"http:\/\/chavaco.com\/wp-content\/uploads\/2023\/11\/651x279p326x140-3.jpg\" alt=\"\" srcset=\"http:\/\/chavaco.com\/wp-content\/uploads\/2023\/11\/651x279p326x140-3.jpg 651w, http:\/\/chavaco.com\/wp-content\/uploads\/2023\/11\/651x279p326x140-3-300x129.jpg 300w\" sizes=\"(max-width: 651px) 100vw, 651px\" \/>\t\t\t\t\t\t\t\t\t\t\t\t\t\t\t<\/p>\n<h2>Industrial Scanners<\/h2>\n<p>\t\tIndustrial XY (motorized and manual) and manual weld inspection scanners provide reliable, accurate performance in a range of heavy duty industrial applications where scanners are used to improve quality and reduce costs. Phased array scanners and accessories such as motor controllers and water pumps complete the Olympus line of scanner products.<br \/>\n\t\t\t\t\t\t\t\t\t\t\t\t\t\t\t<img loading=\"lazy\" decoding=\"async\" width=\"651\" height=\"279\" src=\"http:\/\/chavaco.com\/wp-content\/uploads\/2023\/11\/651x279p326x140-4.jpg\" alt=\"\" srcset=\"http:\/\/chavaco.com\/wp-content\/uploads\/2023\/11\/651x279p326x140-4.jpg 651w, http:\/\/chavaco.com\/wp-content\/uploads\/2023\/11\/651x279p326x140-4-300x129.jpg 300w\" sizes=\"(max-width: 651px) 100vw, 651px\" \/>\t\t\t\t\t\t\t\t\t\t\t\t\t\t\t<\/p>\n<h2>NDT Systems Instrumentation<\/h2>\n<p>\t\tOlympus\u2019 industrial instruments are recognized as high-performance acquisition units and are used in our integrated inspection systems as well as by several system integrator partners located worldwide.\t\t<\/p>\n<h2>NDT Solutions FAQ<br \/>\n<\/h2>\n<h3>Why is NDT important?<\/h3>\n<p>Nondestructive testing (NDT) is important because it helps ensure safety and reliability across a range of industries. Using NDT equipment such as flaw detectors, you can locate and size surface and subsurface flaws and defects in material. For example, this can be done for steel used in the engineering and construction of bridges, aircraft, motor vehicles, pipelines, and more. Hidden deficiencies can cause substantial risk to safety, so using NDT to help ensure maximum performance over time is important.<\/p>\n<h3>How do different NDT techniques work?<\/h3>\n<p>Olympus specializes in five frequently used nondestructive testing (NDT) methods: eddy current, eddy current array, conventional ultrasonic, phased array, and phased array using the total focusing method (TFM)\/full matrix capture (FMC).<\/p>\n<ul>\n<li>Eddy current: Uses electromagnetic induction to detect and characterize surface and subsurface flaws.<\/li>\n<li>Eddy current array: Provides the ability to electronically drive multiple eddy current coils for enhanced speed and data quality.<\/li>\n<li>Ultrasonic: Uses short ultrasonic pulse waves to detect internal flaws or characterize materials.<\/li>\n<li>Phased array: The beam from elements can be electronically steered, focused, and scanned with a single transducer assembly.<\/li>\n<li>TFM\/FMC: With FMC, a single element is pulsed and all the other probe elements receive the reflected signals; this process repeats for all elements. TFM is the data processing method.<\/li>\n<\/ul>\n<p>\u00a0<\/p>\n<h3>Can NDT be used to detect damage mechanisms and evaluate a material\u2019s remaining life?<\/h3>\n<p>NDT methods can be used to identify and detect multiple damage mechanisms occurring over time, such as:<\/p>\n<ul>\n<li>Corrosion<\/li>\n<li>Cracking<\/li>\n<li>Stress corrosion cracking (SCC)<\/li>\n<li>Wet hydrogen sulfide (H2S)<\/li>\n<li>Common damages like blistering<\/li>\n<li>Stepwise cracking<\/li>\n<li>Hydrogen-induced cracking (HIC)<\/li>\n<\/ul>\n<ul>\n<li>Stress-oriented hydrogen induced cracking (SOHIC)<\/li>\n<li>Sulfide stress cracking (SSC)<\/li>\n<li>High temperature hydrogen attack (HTHA)<\/li>\n<li>And many others<\/li>\n<\/ul>\n<p>For most of these damage mechanisms, NDT methods such as ultrasonic testing or eddy current testing (ECT) provide quantitative information to help calculate the remaining life of components or monitor known existing flaws over time (i.e., damage evolution).<\/p>\n<h2>NDT Solutions Resource Videos<br \/>\n<\/h2>\n<h2>Rail Inspection Using NDT Ultrasonic Technologies<br \/>\n<\/h2>\n<p>\t\tDiscover how NDT ultrasonic technologies can be used to assess efficiency and detect flaws in trains, tracks, and their materials, paving the way for improved performance.https:\/\/static1.olympus-ims.com\/data\/VideoLibrary\/Videos\/Rail_Inspection_Master_UPDATED.mp4?rev=BDBC\t\t<\/p>\n<h2>Webinar \u2013 Diverse Uses of Advanced Ultrasonic Inspection Technologies for Pipeline Manufacturing, Construction, and Maintenance<br \/>\n<\/h2>\n<p>\t\tThis webinar talks you through the various advantages and disadvantages of using ultrasonic inspection technologies across a range of industries.<br \/>\nhttps:\/\/static4.olympus-ims.com\/data\/VideoLibrary\/Videos\/Olympus21.10.14(2)_480.mp4?rev=EC29\t\t<\/p>\n<h2>Bridge Inspection Using NDT Technologies<br \/>\n<\/h2>\n<p>\t\tThis video covers how to use NDT technologies to inspect the condition of bridges. See how flaw detectors and transducers can check the construction material for subsurface defects.<br \/>\nhttps:\/\/static4.olympus-ims.com\/data\/VideoLibrary\/Videos\/BridgeInspectionSubtitleMASTER_rev2_480.mp4?rev=22D0<\/p>\n","protected":false},"excerpt":{"rendered":"<p>experimentar o iGaming r\u00e1pido e seguro. Programas de fi [&hellip;]<\/p>\n","protected":false},"author":1,"featured_media":0,"parent":0,"menu_order":0,"comment_status":"closed","ping_status":"closed","template":"","meta":{"site-sidebar-layout":"default","site-content-layout":"","ast-site-content-layout":"default","site-content-style":"default","site-sidebar-style":"default","ast-global-header-display":"","ast-banner-title-visibility":"","ast-main-header-display":"","ast-hfb-above-header-display":"","ast-hfb-below-header-display":"","ast-hfb-mobile-header-display":"","site-post-title":"","ast-breadcrumbs-content":"","ast-featured-img":"","footer-sml-layout":"","ast-disable-related-posts":"","theme-transparent-header-meta":"","adv-header-id-meta":"","stick-header-meta":"","header-above-stick-meta":"","header-main-stick-meta":"","header-below-stick-meta":"","astra-migrate-meta-layouts":"default","ast-page-background-enabled":"default","ast-page-background-meta":{"desktop":{"background-color":"var(--ast-global-color-4)","background-image":"","background-repeat":"repeat","background-position":"center center","background-size":"auto","background-attachment":"scroll","background-type":"","background-media":"","overlay-type":"","overlay-color":"","overlay-opacity":"","overlay-gradient":""},"tablet":{"background-color":"","background-image":"","background-repeat":"repeat","background-position":"center center","background-size":"auto","background-attachment":"scroll","background-type":"","background-media":"","overlay-type":"","overlay-color":"","overlay-opacity":"","overlay-gradient":""},"mobile":{"background-color":"","background-image":"","background-repeat":"repeat","background-position":"center center","background-size":"auto","background-attachment":"scroll","background-type":"","background-media":"","overlay-type":"","overlay-color":"","overlay-opacity":"","overlay-gradient":""}},"ast-content-background-meta":{"desktop":{"background-color":"var(--ast-global-color-5)","background-image":"","background-repeat":"repeat","background-position":"center center","background-size":"auto","background-attachment":"scroll","background-type":"","background-media":"","overlay-type":"","overlay-color":"","overlay-opacity":"","overlay-gradient":""},"tablet":{"background-color":"var(--ast-global-color-5)","background-image":"","background-repeat":"repeat","background-position":"center center","background-size":"auto","background-attachment":"scroll","background-type":"","background-media":"","overlay-type":"","overlay-color":"","overlay-opacity":"","overlay-gradient":""},"mobile":{"background-color":"var(--ast-global-color-5)","background-image":"","background-repeat":"repeat","background-position":"center center","background-size":"auto","background-attachment":"scroll","background-type":"","background-media":"","overlay-type":"","overlay-color":"","overlay-opacity":"","overlay-gradient":""}},"footnotes":""},"_links":{"self":[{"href":"http:\/\/chavaco.com\/index.php?rest_route=\/wp\/v2\/pages\/1320"}],"collection":[{"href":"http:\/\/chavaco.com\/index.php?rest_route=\/wp\/v2\/pages"}],"about":[{"href":"http:\/\/chavaco.com\/index.php?rest_route=\/wp\/v2\/types\/page"}],"author":[{"embeddable":true,"href":"http:\/\/chavaco.com\/index.php?rest_route=\/wp\/v2\/users\/1"}],"replies":[{"embeddable":true,"href":"http:\/\/chavaco.com\/index.php?rest_route=%2Fwp%2Fv2%2Fcomments&post=1320"}],"version-history":[{"count":8,"href":"http:\/\/chavaco.com\/index.php?rest_route=\/wp\/v2\/pages\/1320\/revisions"}],"predecessor-version":[{"id":2217,"href":"http:\/\/chavaco.com\/index.php?rest_route=\/wp\/v2\/pages\/1320\/revisions\/2217"}],"wp:attachment":[{"href":"http:\/\/chavaco.com\/index.php?rest_route=%2Fwp%2Fv2%2Fmedia&parent=1320"}],"curies":[{"name":"wp","href":"https:\/\/api.w.org\/{rel}","templated":true}]}}